{"id":529,"date":"2025-12-16T02:57:58","date_gmt":"2025-12-16T02:57:58","guid":{"rendered":"https:\/\/kayadevelopmentserver.com\/kontakt\/?page_id=529"},"modified":"2025-12-17T03:12:30","modified_gmt":"2025-12-17T03:12:30","slug":"cookies","status":"publish","type":"page","link":"https:\/\/kayadevelopmentserver.com\/kontakt\/cookies\/","title":{"rendered":"Cookies"},"content":{"rendered":"<p>[et_pb_section fb_built=&#8221;1&#8243; _builder_version=&#8221;4.27.5&#8243; _module_preset=&#8221;default&#8221; custom_padding=&#8221;0px||40px||false|false&#8221; hover_enabled=&#8221;0&#8243; global_colors_info=&#8221;{}&#8221; locked=&#8221;off&#8221; theme_builder_area=&#8221;post_content&#8221; sticky_enabled=&#8221;0&#8243;][et_pb_row _builder_version=&#8221;4.27.5&#8243; _module_preset=&#8221;default&#8221; custom_padding=&#8221;40px||0px||false|false&#8221; global_colors_info=&#8221;{}&#8221; theme_builder_area=&#8221;post_content&#8221;][et_pb_column type=&#8221;4_4&#8243; _builder_version=&#8221;4.27.5&#8243; _module_preset=&#8221;default&#8221; global_colors_info=&#8221;{}&#8221; theme_builder_area=&#8221;post_content&#8221;][et_pb_heading title=&#8221;Politique de cookies&#8221; _builder_version=&#8221;4.27.5&#8243; _module_preset=&#8221;default&#8221; title_font=&#8221;|300|||||||&#8221; title_font_size=&#8221;3.5rem&#8221; hover_enabled=&#8221;0&#8243; global_colors_info=&#8221;{}&#8221; theme_builder_area=&#8221;post_content&#8221; sticky_enabled=&#8221;0&#8243;][\/et_pb_heading][\/et_pb_column][\/et_pb_row][et_pb_row _builder_version=&#8221;4.27.5&#8243; _module_preset=&#8221;default&#8221; theme_builder_area=&#8221;post_content&#8221; min_height=&#8221;2474px&#8221; custom_padding=&#8221;25px||||false|false&#8221; hover_enabled=&#8221;0&#8243; sticky_enabled=&#8221;0&#8243;][et_pb_column _builder_version=&#8221;4.27.5&#8243; _module_preset=&#8221;default&#8221; type=&#8221;4_4&#8243; theme_builder_area=&#8221;post_content&#8221;][et_pb_text _builder_version=&#8221;4.27.5&#8243; _module_preset=&#8221;default&#8221; theme_builder_area=&#8221;post_content&#8221; hover_enabled=&#8221;0&#8243; sticky_enabled=&#8221;0&#8243; text_font_size=&#8221;1.25rem&#8221; text_font=&#8221;|300|||||||&#8221; text_line_height=&#8221;2em&#8221; custom_padding=&#8221;||||false|false&#8221; custom_css_main_element=&#8221;font-weight:400&#8243; header_font=&#8221;|300|||||||&#8221; header_font_size=&#8221;64px&#8221; header_2_font=&#8221;|300|||||||&#8221; header_2_font_size=&#8221;40px&#8221;]<\/p>\n<div class=\"cookie-policy-page-content pb-6\" data-selector=\"os-theme-page-content-cookie-policy\">\n<div class=\"font-paragraphs text-xs text-left leading-[120%]\">La pr\u00e9sente politique a \u00e9t\u00e9 mise \u00e0 jour le 09\/04\/2024.<\/div>\n<p class=\"font-paragraphs text-base leading-[150%] lg:text-lg lg:leading-[160%] text-left my-5 lg:my-6\">Lorsque vous visitez ou interagissez avec nos sites, nous ou nos prestataires de services autoris\u00e9s pouvons utiliser des cookies, balises Web et autres technologies similaires pour stocker des informations qui nous permettront de vous fournir une meilleure exp\u00e9rience, plus rapide et plus s\u00e9curis\u00e9e, ainsi qu&#8217;\u00e0 des fins publicitaires.<\/p>\n<p class=\"font-paragraphs text-base leading-[150%] lg:text-lg lg:leading-[160%] text-left my-5 lg:my-6\">La pr\u00e9sente page est con\u00e7ue pour vous aider \u00e0 mieux comprendre lesdites technologies et l&#8217;utilisation que nous en faisons sur nos sites. Vous trouverez ci-apr\u00e8s une synth\u00e8se des quelques points cl\u00e9s \u00e0 conna\u00eetre \u00e0 propos de notre utilisation desdites technologies.<\/p>\n<h2 class=\"font-headers text-2xl lg:text-3xl text-left my-5 word-break\">Que sont les cookies, balises Web et technologies similaires\u00a0?<\/h2>\n<p class=\"font-paragraphs text-base leading-[150%] lg:text-lg lg:leading-[160%] text-left my-5 lg:my-6\">Comme la plupart des sites, nous utilisons des technologies qui sont des petits fichiers de donn\u00e9es plac\u00e9s sur votre ordinateur, votre tablette, votre t\u00e9l\u00e9phone mobile ou tout autre appareil (ci-apr\u00e8s collectivement d\u00e9sign\u00e9s comme des \u00ab\u00a0appareils\u00a0\u00bb) qui nous permettent d&#8217;enregistrer un certain nombre d&#8217;informations lorsque vous visitez ou interagissez avec nos sites, services, applications, messageries et outils.<\/p>\n<p class=\"font-paragraphs text-base leading-[150%] lg:text-lg lg:leading-[160%] text-left my-5 lg:my-6\">Les types et noms sp\u00e9cifiques des cookies, balises et autres technologies similaires que nous utilisons peuvent varier \u00e0 tout moment. Afin de mieux comprendre la pr\u00e9sente Politique et notre utilisation desdites technologies, nous fournissons les d\u00e9finitions et la terminologie limit\u00e9es suivantes\u00a0:<\/p>\n<p class=\"font-paragraphs text-base leading-[150%] lg:text-lg lg:leading-[160%] text-left my-5 lg:my-6\"><strong>Cookies:<\/strong><br \/>petits fichiers texte (g\u00e9n\u00e9ralement compos\u00e9s de lettres et de chiffres) plac\u00e9s dans la m\u00e9moire de votre navigateur ou de votre appareil lorsque vous visitez un site Web ou affichez un message. Les cookies permettent \u00e0 un site Web de reconna\u00eetre un appareil ou un navigateur sp\u00e9cifique.<\/p>\n<p class=\"font-paragraphs text-base leading-[150%] lg:text-lg lg:leading-[160%] text-left my-5 lg:my-6\">Il existe diff\u00e9rents types de cookies:<br \/><strong>Les cookies de session<\/strong> expirent \u00e0 la fin de votre session de navigation et nous permettent d&#8217;associer vos actions au cours de cette session.<\/p>\n<p class=\"font-paragraphs text-base leading-[150%] lg:text-lg lg:leading-[160%] text-left my-5 lg:my-6\"><strong>Les cookies persistant<\/strong>s sont stock\u00e9s sur votre appareil entre les sessions du navigateur, ce qui nous permet de conserver vos pr\u00e9f\u00e9rences ou actions sur plusieurs sites.<\/p>\n<p class=\"font-paragraphs text-base leading-[150%] lg:text-lg lg:leading-[160%] text-left my-5 lg:my-6\"><strong>Les cookies internes<\/strong> sont d\u00e9finis par le site que vous visitez.<\/p>\n<p class=\"font-paragraphs text-base leading-[150%] lg:text-lg lg:leading-[160%] text-left my-5 lg:my-6\"><strong>Les cookies tiers<\/strong> sont d\u00e9finis par un site tiers, diff\u00e9rent du site que vous visitez.<\/p>\n<p class=\"font-paragraphs text-base leading-[150%] lg:text-lg lg:leading-[160%] text-left my-5 lg:my-6\">Les cookies peuvent \u00eatre d\u00e9sactiv\u00e9s ou supprim\u00e9s par des outils disponibles sur la plupart des navigateurs commerciaux. Les pr\u00e9f\u00e9rences de chaque navigateur que vous utilisez devront \u00eatre d\u00e9finies s\u00e9par\u00e9ment, car chaque navigateur propose des fonctionnalit\u00e9s et options diff\u00e9rentes.<\/p>\n<p class=\"font-paragraphs text-base leading-[150%] lg:text-lg lg:leading-[160%] text-left my-5 lg:my-6\"><strong>Balises Web<\/strong>:<br \/>petites images graphiques (\u00e9galement connue sous le nom de \u00ab\u00a0pixels espions\u00a0\u00bb ou \u00ab\u00a0GIF invisibles\u00a0\u00bb) qui peuvent \u00eatre ajout\u00e9es sur nos sites, services, applications, messageries et outils. Elles sont g\u00e9n\u00e9ralement utilis\u00e9es avec des cookies pour identifier nos utilisateurs et leur comportement.<\/p>\n<p class=\"font-paragraphs text-base leading-[150%] lg:text-lg lg:leading-[160%] text-left my-5 lg:my-6\"><strong>Autres technologies similaires:<\/strong><br \/>technologies qui stockent des informations dans votre navigateur ou dans votre appareil \u00e0 l&#8217;aide d&#8217;objets locaux partag\u00e9s ou de stockage local, tels que des cookies ou t\u00e9moins Flash ou HTML 5 et d&#8217;autres logiciels d&#8217;application Web. Ces technologies peuvent fonctionner sur l&#8217;ensemble de vos navigateurs. Dans certains cas, elles peuvent ne pas \u00eatre enti\u00e8rement g\u00e9r\u00e9es par les navigateurs et n\u00e9cessiter une gestion directement par le biais de votre appareil ou de vos applications install\u00e9es. Nous n&#8217;utilisons pas ces technologies pour stocker des informations en vue de cibler des publicit\u00e9s \u00e0 votre intention sur ou en dehors de nos sites.<\/p>\n<p class=\"font-paragraphs text-base leading-[150%] lg:text-lg lg:leading-[160%] text-left my-5 lg:my-6\">Nous pourrons utiliser les termes \u00ab\u00a0cookies\u00a0\u00bb ou \u00ab\u00a0technologies similaires\u00a0\u00bb de mani\u00e8re interchangeable dans nos politiques pour nous r\u00e9f\u00e9rer \u00e0 toutes les technologies que nous sommes susceptibles d&#8217;utiliser pour stocker des donn\u00e9es dans votre navigateur ou appareil, collecter des informations ou nous aider \u00e0 vous identifier de la mani\u00e8re susmentionn\u00e9e.<\/p>\n<p class=\"font-paragraphs text-base leading-[150%] lg:text-lg lg:leading-[160%] text-left my-5 lg:my-6\"><strong>Cookies utilis\u00e9s sur ce site Internet<\/strong><br \/>Ce site Internet utilise des cookies de performance. Vous trouverez ci-dessous davantage d&#8217;informations sur les cookies de performance utilis\u00e9s sur ce site.<\/p>\n<p class=\"font-paragraphs text-base leading-[150%] lg:text-lg lg:leading-[160%] text-left my-5 lg:my-6\"><strong>Cookies de performance<\/strong><br \/>Ces cookies nous permettent de compter le nombre de visites et d&#8217;identifier les sources de traffic afin de mesurer et d&#8217;am\u00e9liorer la performance de notre site. Ils nous aident \u00e0 identifier les pages qui sont le plus populaires et celles qui le sont moins et nous permettent de voir comment les visiteurs naviguent sur le site. Toutes les informations collect\u00e9es par ces cookies sont agr\u00e9g\u00e9es et donc anonymes. Si vous n&#8217;autorisez pas ces cookies, nous ne saurons pas quand vous avez visit\u00e9 notre site et nous ne pourrons pas contr\u00f4ler sa performance.<\/p>\n<p class=\"font-paragraphs text-base leading-[150%] lg:text-lg lg:leading-[160%] text-left my-5 lg:my-6\">Vous trouverez dans le tableau ci-dessous une liste des cookies de performance utilis\u00e9s sur ce site Internet.<\/p>\n<div class=\"cookie-policy-table-wrapper mb-6\">\n<table role=\"presentation\" class=\"w-full\">\n<thead>\n<tr>\n<th scope=\"col\" class=\"text-left border-b border-b-fontColorSuperLight border-r border-r-fontColorSuperLight uppercase font-normal text-xs p-2\">Nom du cookie<\/th>\n<th scope=\"col\" class=\"text-left border-b border-b-fontColorSuperLight border-r border-r-fontColorSuperLight uppercase font-normal text-xs p-2\">Dur\u00e9e<\/th>\n<th scope=\"col\" class=\"text-left border-b border-b-fontColorSuperLight uppercase font-normal text-xs p-2\">Internes ou tiers<\/th>\n<\/tr>\n<\/thead>\n<tbody>\n<tr class=\"border-b border-b-fontColorSuperLight\">\n<td class=\"py-3 px-2 border-r border-r-fontColorSuperLight\">_ga<\/td>\n<td class=\"py-3 px-2 border-r border-r-fontColorSuperLight\">2\u00a0ans<\/td>\n<td class=\"py-3 px-2\">Tiers<\/td>\n<\/tr>\n<tr class=\"border-b border-b-fontColorSuperLight\">\n<td class=\"py-3 px-2 border-r border-r-fontColorSuperLight\">_gid<\/td>\n<td class=\"py-3 px-2 border-r border-r-fontColorSuperLight\">24\u00a0heures<\/td>\n<td class=\"py-3 px-2\">Tiers<\/td>\n<\/tr>\n<tr class=\"border-b border-b-fontColorSuperLight\">\n<td class=\"py-3 px-2 border-r border-r-fontColorSuperLight\">_ga_&lt;container-id&gt;<\/td>\n<td class=\"py-3 px-2 border-r border-r-fontColorSuperLight\">2\u00a0ans<\/td>\n<td class=\"py-3 px-2\">Tiers<\/td>\n<\/tr>\n<tr>\n<td class=\"py-3 px-2 border-r border-r-fontColorSuperLight\">_gac_gb_&lt;container-id&gt;<\/td>\n<td class=\"py-3 px-2 border-r border-r-fontColorSuperLight\">90\u00a0jours<\/td>\n<td class=\"py-3 px-2\">Tiers<\/td>\n<\/tr>\n<\/tbody>\n<\/table>\n<\/div>\n<p><strong class=\"font-paragraphs text-base leading-[150%] lg:text-lg lg:leading-[160%] font-bold text-left block mb-4\">\u00c0 propos de la pr\u00e9sente politique<\/strong><\/p>\n<p class=\"font-paragraphs text-base leading-[150%] lg:text-lg lg:leading-[160%] text-left my-5 lg:my-6\">Nous pouvons modifier ponctuellement la politique sur les cookies, en tout ou en partie, \u00e0 notre discr\u00e9tion. La derni\u00e8re version de ce document sera toujours disponible sur notre site Internet et prendra effet \u00e0 la date de sa mise \u00e0 jour.<\/p>\n<h2 class=\"font-headers text-2xl lg:text-3xl text-left my-5 lg:mt-10 lg:mb-b word-break\">Mettre \u00e0 jour vos pr\u00e9f\u00e9rences<\/h2>\n<p class=\"font-paragraphs text-base leading-[150%] lg:text-lg lg:leading-[160%] text-left my-5 lg:my-6\">Vous pouvez personnaliser vos choix en ce qui concerne les cookies (sauf les cookies n\u00e9cessaires) en cliquant sur le bouton \u00ab\u00a0Param\u00e8tres des cookies\u00a0\u00bb ci-dessous\u00a0:<\/p>\n<p><button class=\"items-center justify-center disabled:cursor-not-allowed font-labels relative hover:before:opacity-30 before:bg-[#fff] before:content-[&quot;&quot;] before:h-[calc(100%+2px)] before:-left-px before:opacity-0 before:absolute before:-top-px before:[transition:opacity_.15s_ease-in-out] before:w-[calc(100%+2px)] bg-transparent-500 text-link border-link border m-h-11 px-2 py-[13px] text-base leading-[120%]\" id=\"cookieSettingsBtn\" aria-label=\"Param\u00e8tres de cookies\">Param\u00e8tres de cookies<\/button><\/p>\n<p class=\"font-paragraphs text-base leading-[150%] lg:text-lg lg:leading-[160%] text-left mt-6\">Pour toutes questions, veuillez contacter <a href=\"\/kontakt\/nous-kontakter\/\" class=\"font-bold underline word-break text-link\">Kontakt<\/a>.<\/p>\n<\/div>\n<p>[\/et_pb_text][\/et_pb_column][\/et_pb_row][\/et_pb_section]<\/p>\n","protected":false},"excerpt":{"rendered":"<p>La pr\u00e9sente politique a \u00e9t\u00e9 mise \u00e0 jour le 09\/04\/2024. Lorsque vous visitez ou interagissez avec nos sites, nous ou nos prestataires de services autoris\u00e9s pouvons utiliser des cookies, balises Web et autres technologies similaires pour stocker des informations qui nous permettront de vous fournir une meilleure exp\u00e9rience, plus rapide et plus s\u00e9curis\u00e9e, ainsi qu&#8217;\u00e0 [&hellip;]<\/p>\n","protected":false},"author":1,"featured_media":0,"parent":0,"menu_order":0,"comment_status":"closed","ping_status":"closed","template":"","meta":{"_et_pb_use_builder":"on","_et_pb_old_content":"","_et_gb_content_width":"","footnotes":""},"class_list":["post-529","page","type-page","status-publish","hentry"],"_links":{"self":[{"href":"https:\/\/kayadevelopmentserver.com\/kontakt\/wp-json\/wp\/v2\/pages\/529","targetHints":{"allow":["GET"]}}],"collection":[{"href":"https:\/\/kayadevelopmentserver.com\/kontakt\/wp-json\/wp\/v2\/pages"}],"about":[{"href":"https:\/\/kayadevelopmentserver.com\/kontakt\/wp-json\/wp\/v2\/types\/page"}],"author":[{"embeddable":true,"href":"https:\/\/kayadevelopmentserver.com\/kontakt\/wp-json\/wp\/v2\/users\/1"}],"replies":[{"embeddable":true,"href":"https:\/\/kayadevelopmentserver.com\/kontakt\/wp-json\/wp\/v2\/comments?post=529"}],"version-history":[{"count":6,"href":"https:\/\/kayadevelopmentserver.com\/kontakt\/wp-json\/wp\/v2\/pages\/529\/revisions"}],"predecessor-version":[{"id":777,"href":"https:\/\/kayadevelopmentserver.com\/kontakt\/wp-json\/wp\/v2\/pages\/529\/revisions\/777"}],"wp:attachment":[{"href":"https:\/\/kayadevelopmentserver.com\/kontakt\/wp-json\/wp\/v2\/media?parent=529"}],"curies":[{"name":"wp","href":"https:\/\/api.w.org\/{rel}","templated":true}]}}