{"id":145,"date":"2025-12-15T12:36:30","date_gmt":"2025-12-15T12:36:30","guid":{"rendered":"https:\/\/kayadevelopmentserver.com\/kontakt\/?post_type=product&#038;p=145"},"modified":"2025-12-15T14:06:42","modified_gmt":"2025-12-15T14:06:42","slug":"baggy-jeans-unisexe-silver-spray","status":"publish","type":"product","link":"https:\/\/kayadevelopmentserver.com\/kontakt\/product\/baggy-jeans-unisexe-silver-spray\/","title":{"rendered":"Baggy jeans unisexe Silver Spray"},"content":{"rendered":"<p>D\u00e9couvrez notre ce baggy jeans unisexe, confectionn\u00e9 en denim confortable avec 99 % de coton et 1 % d&#8217;\u00e9lasthanne pour un ajustement optimal et une libert\u00e9 de mouvement. Id\u00e9al pour un usage quotidien, il allie style d\u00e9contract\u00e9 et modernit\u00e9. Inspir\u00e9e du patrimoine tunisien, cette pi\u00e8ce unique pr\u00e9sente des effets us\u00e9s authentiques gr\u00e2ce \u00e0 des techniques de lavage artisanales : spray, effet dirty, destruction, repair work et surteinture. Chaque jean raconte une histoire vintage et se distingue par son caract\u00e8re singulier. Personnalis\u00e9e \u00e0 la commande avec votre nom, cette cr\u00e9ation exclusive est une v\u00e9ritable \u0153uvre d\u2019art qui allie confort, style et authenticit\u00e9.<\/p>\n","protected":false},"excerpt":{"rendered":"<p>D\u00e9couvrez notre ce baggy jeans unisexe, confectionn\u00e9 en denim confortable avec 99 % de coton et 1 % d&#8217;\u00e9lasthanne pour un ajustement optimal et une libert\u00e9 de mouvement. Id\u00e9al pour un usage quotidien, il allie style d\u00e9contract\u00e9 et modernit\u00e9. Inspir\u00e9e du patrimoine tunisien, cette pi\u00e8ce unique pr\u00e9sente des effets us\u00e9s authentiques gr\u00e2ce \u00e0 des techniques [&hellip;]<\/p>\n","protected":false},"featured_media":147,"template":"","meta":{"_et_pb_use_builder":"","_et_pb_old_content":"","_et_gb_content_width":""},"product_brand":[],"product_cat":[18],"product_tag":[],"class_list":{"0":"post-145","1":"product","2":"type-product","3":"status-publish","4":"has-post-thumbnail","6":"product_cat-tunis-fashion-week","8":"first","9":"instock","10":"shipping-taxable","11":"purchasable","12":"product-type-variable"},"_links":{"self":[{"href":"https:\/\/kayadevelopmentserver.com\/kontakt\/wp-json\/wp\/v2\/product\/145","targetHints":{"allow":["GET"]}}],"collection":[{"href":"https:\/\/kayadevelopmentserver.com\/kontakt\/wp-json\/wp\/v2\/product"}],"about":[{"href":"https:\/\/kayadevelopmentserver.com\/kontakt\/wp-json\/wp\/v2\/types\/product"}],"wp:featuredmedia":[{"embeddable":true,"href":"https:\/\/kayadevelopmentserver.com\/kontakt\/wp-json\/wp\/v2\/media\/147"}],"wp:attachment":[{"href":"https:\/\/kayadevelopmentserver.com\/kontakt\/wp-json\/wp\/v2\/media?parent=145"}],"wp:term":[{"taxonomy":"product_brand","embeddable":true,"href":"https:\/\/kayadevelopmentserver.com\/kontakt\/wp-json\/wp\/v2\/product_brand?post=145"},{"taxonomy":"product_cat","embeddable":true,"href":"https:\/\/kayadevelopmentserver.com\/kontakt\/wp-json\/wp\/v2\/product_cat?post=145"},{"taxonomy":"product_tag","embeddable":true,"href":"https:\/\/kayadevelopmentserver.com\/kontakt\/wp-json\/wp\/v2\/product_tag?post=145"}],"curies":[{"name":"wp","href":"https:\/\/api.w.org\/{rel}","templated":true}]}}