{"id":149,"date":"2025-12-15T13:23:50","date_gmt":"2025-12-15T13:23:50","guid":{"rendered":"https:\/\/kayadevelopmentserver.com\/kontakt\/?post_type=product&#038;p=149"},"modified":"2025-12-15T14:06:32","modified_gmt":"2025-12-15T14:06:32","slug":"safseri-unisexe-en-jeans","status":"publish","type":"product","link":"https:\/\/kayadevelopmentserver.com\/kontakt\/product\/safseri-unisexe-en-jeans\/","title":{"rendered":"Safseri unisexe en jeans \u0643\u0648\u0646 \u0643\u064a\u0645\u0627 \u0627\u0646\u062a\u064a"},"content":{"rendered":"<p>D\u00e9couvrez ce safari blanc en tissu PAT confort, compos\u00e9 de 99% coton et 1% \u00e9lasthanne, offrant une extensibilit\u00e9 et un confort exceptionnels. Orn\u00e9 d\u2019un motif distinctif imprim\u00e9 \u00ab \u0643\u0648\u0646 \u0643\u064a\u0645\u0627 \u0627\u0646\u062a\u064a \u00bb, ce mod\u00e8le allie style d\u00e9contract\u00e9 et originalit\u00e9. Issu d\u2019une mini-collection c\u00e9l\u00e9brant les signes berb\u00e8res r\u00e9interpr\u00e9t\u00e9s avec cr\u00e9ativit\u00e9, il refl\u00e8te l\u2019identit\u00e9 tunisienne de la marque Kontakt. Les motifs, r\u00e9alis\u00e9s par impression digitale et laser, s\u2019inspirent du vestiaire traditionnel tunisien, notamment la farmela, le sarouel et le safari. Parfait pour un look authentique et r\u00e9solument unique au quotidien.<\/p>\n","protected":false},"excerpt":{"rendered":"<p>D\u00e9couvrez ce safari blanc en tissu PAT confort, compos\u00e9 de 99% coton et 1% \u00e9lasthanne, offrant une extensibilit\u00e9 et un confort exceptionnels. Orn\u00e9 d\u2019un motif distinctif imprim\u00e9 \u00ab \u0643\u0648\u0646 \u0643\u064a\u0645\u0627 \u0627\u0646\u062a\u064a \u00bb, ce mod\u00e8le allie style d\u00e9contract\u00e9 et originalit\u00e9. Issu d\u2019une mini-collection c\u00e9l\u00e9brant les signes berb\u00e8res r\u00e9interpr\u00e9t\u00e9s avec cr\u00e9ativit\u00e9, il refl\u00e8te l\u2019identit\u00e9 tunisienne de la [&hellip;]<\/p>\n","protected":false},"featured_media":151,"template":"","meta":{"_et_pb_use_builder":"","_et_pb_old_content":"","_et_gb_content_width":""},"product_brand":[],"product_cat":[18],"product_tag":[],"class_list":{"0":"post-149","1":"product","2":"type-product","3":"status-publish","4":"has-post-thumbnail","6":"product_cat-tunis-fashion-week","8":"first","9":"instock","10":"shipping-taxable","11":"purchasable","12":"product-type-simple"},"_links":{"self":[{"href":"https:\/\/kayadevelopmentserver.com\/kontakt\/wp-json\/wp\/v2\/product\/149","targetHints":{"allow":["GET"]}}],"collection":[{"href":"https:\/\/kayadevelopmentserver.com\/kontakt\/wp-json\/wp\/v2\/product"}],"about":[{"href":"https:\/\/kayadevelopmentserver.com\/kontakt\/wp-json\/wp\/v2\/types\/product"}],"wp:featuredmedia":[{"embeddable":true,"href":"https:\/\/kayadevelopmentserver.com\/kontakt\/wp-json\/wp\/v2\/media\/151"}],"wp:attachment":[{"href":"https:\/\/kayadevelopmentserver.com\/kontakt\/wp-json\/wp\/v2\/media?parent=149"}],"wp:term":[{"taxonomy":"product_brand","embeddable":true,"href":"https:\/\/kayadevelopmentserver.com\/kontakt\/wp-json\/wp\/v2\/product_brand?post=149"},{"taxonomy":"product_cat","embeddable":true,"href":"https:\/\/kayadevelopmentserver.com\/kontakt\/wp-json\/wp\/v2\/product_cat?post=149"},{"taxonomy":"product_tag","embeddable":true,"href":"https:\/\/kayadevelopmentserver.com\/kontakt\/wp-json\/wp\/v2\/product_tag?post=149"}],"curies":[{"name":"wp","href":"https:\/\/api.w.org\/{rel}","templated":true}]}}