{"id":152,"date":"2025-12-15T13:27:45","date_gmt":"2025-12-15T13:27:45","guid":{"rendered":"https:\/\/kayadevelopmentserver.com\/kontakt\/?post_type=product&#038;p=152"},"modified":"2025-12-15T14:06:23","modified_gmt":"2025-12-15T14:06:23","slug":"safseri-unisexe-en-jeans-motifs-berberes","status":"publish","type":"product","link":"https:\/\/kayadevelopmentserver.com\/kontakt\/product\/safseri-unisexe-en-jeans-motifs-berberes\/","title":{"rendered":"Safseri unisexe en jeans Motifs Berb\u00e8res"},"content":{"rendered":"<p>D\u00e9couvrez notre safseri en jeans noir, confectionn\u00e9 en denim confort alliant 77% coton, 10% polyester, 10% viscose et 3% \u00e9lasthanne pour un confort optimal et une grande libert\u00e9 de mouvement. Ce mod\u00e8le unique se distingue par son impression berb\u00e8re r\u00e9alis\u00e9e au laser, m\u00ealant authenticit\u00e9 et modernit\u00e9. Inspir\u00e9 par l\u2019identit\u00e9 tunisienne de la marque Kontakt, il fait partie d\u2019une mini-collection o\u00f9 les motifs berb\u00e8res sont revisit\u00e9s via des techniques d\u2019impression digitale et laser. Parfait pour ceux qui cherchent un style original m\u00ealant tradition et modernit\u00e9, ce safseri s\u2019int\u00e8gre harmonieusement \u00e0 un vestiaire contemporain tout en c\u00e9l\u00e9brant le patrimoine tunisien.<\/p>\n","protected":false},"excerpt":{"rendered":"<p>D\u00e9couvrez notre safseri en jeans noir, confectionn\u00e9 en denim confort alliant 77% coton, 10% polyester, 10% viscose et 3% \u00e9lasthanne pour un confort optimal et une grande libert\u00e9 de mouvement. Ce mod\u00e8le unique se distingue par son impression berb\u00e8re r\u00e9alis\u00e9e au laser, m\u00ealant authenticit\u00e9 et modernit\u00e9. Inspir\u00e9 par l\u2019identit\u00e9 tunisienne de la marque Kontakt, il [&hellip;]<\/p>\n","protected":false},"featured_media":153,"template":"","meta":{"_et_pb_use_builder":"","_et_pb_old_content":"","_et_gb_content_width":""},"product_brand":[],"product_cat":[18],"product_tag":[],"class_list":{"0":"post-152","1":"product","2":"type-product","3":"status-publish","4":"has-post-thumbnail","6":"product_cat-tunis-fashion-week","8":"first","9":"instock","10":"shipping-taxable","11":"purchasable","12":"product-type-simple"},"_links":{"self":[{"href":"https:\/\/kayadevelopmentserver.com\/kontakt\/wp-json\/wp\/v2\/product\/152","targetHints":{"allow":["GET"]}}],"collection":[{"href":"https:\/\/kayadevelopmentserver.com\/kontakt\/wp-json\/wp\/v2\/product"}],"about":[{"href":"https:\/\/kayadevelopmentserver.com\/kontakt\/wp-json\/wp\/v2\/types\/product"}],"wp:featuredmedia":[{"embeddable":true,"href":"https:\/\/kayadevelopmentserver.com\/kontakt\/wp-json\/wp\/v2\/media\/153"}],"wp:attachment":[{"href":"https:\/\/kayadevelopmentserver.com\/kontakt\/wp-json\/wp\/v2\/media?parent=152"}],"wp:term":[{"taxonomy":"product_brand","embeddable":true,"href":"https:\/\/kayadevelopmentserver.com\/kontakt\/wp-json\/wp\/v2\/product_brand?post=152"},{"taxonomy":"product_cat","embeddable":true,"href":"https:\/\/kayadevelopmentserver.com\/kontakt\/wp-json\/wp\/v2\/product_cat?post=152"},{"taxonomy":"product_tag","embeddable":true,"href":"https:\/\/kayadevelopmentserver.com\/kontakt\/wp-json\/wp\/v2\/product_tag?post=152"}],"curies":[{"name":"wp","href":"https:\/\/api.w.org\/{rel}","templated":true}]}}