{"id":157,"date":"2025-12-15T13:38:49","date_gmt":"2025-12-15T13:38:49","guid":{"rendered":"https:\/\/kayadevelopmentserver.com\/kontakt\/?post_type=product&#038;p=157"},"modified":"2025-12-15T14:06:02","modified_gmt":"2025-12-15T14:06:02","slug":"baggy-jeans-unisexe-bi-couleur-upycling","status":"publish","type":"product","link":"https:\/\/kayadevelopmentserver.com\/kontakt\/product\/baggy-jeans-unisexe-bi-couleur-upycling\/","title":{"rendered":"Baggy jeans unisexe bi-couleur Upycling"},"content":{"rendered":"<p>D\u00e9couvrez ce jean baggy unisexe aux bords effiloch\u00e9s, con\u00e7u en denim upcycl\u00e9 \u00e0 partir de pantalons seconde main. Unique par son devant en denim bleu fonc\u00e9 et son arri\u00e8re noir, ce bi-couleur offre un style d\u00e9contract\u00e9 et \u00e9coresponsable. Cette pi\u00e8ce fait partie d\u2019une mini capsule valorisant l\u2019upcycling gr\u00e2ce \u00e0 l\u2019association de denim et maille de seconde main, ainsi que des chutes de tissus issus de tests internes. Chaque jean est r\u00e9alis\u00e9 avec soin via des techniques vari\u00e9es comme la couture double aiguille, les ourlets ouverts et le color blocking, apportant authenticit\u00e9 et innovation textile. Parfait pour adopter un look moderne et durable.<\/p>\n","protected":false},"excerpt":{"rendered":"<p>D\u00e9couvrez ce jean baggy unisexe aux bords effiloch\u00e9s, con\u00e7u en denim upcycl\u00e9 \u00e0 partir de pantalons seconde main. Unique par son devant en denim bleu fonc\u00e9 et son arri\u00e8re noir, ce bi-couleur offre un style d\u00e9contract\u00e9 et \u00e9coresponsable. Cette pi\u00e8ce fait partie d\u2019une mini capsule valorisant l\u2019upcycling gr\u00e2ce \u00e0 l\u2019association de denim et maille de [&hellip;]<\/p>\n","protected":false},"featured_media":159,"template":"","meta":{"_et_pb_use_builder":"","_et_pb_old_content":"","_et_gb_content_width":""},"product_brand":[],"product_cat":[18],"product_tag":[],"class_list":{"0":"post-157","1":"product","2":"type-product","3":"status-publish","4":"has-post-thumbnail","6":"product_cat-tunis-fashion-week","8":"first","9":"instock","10":"shipping-taxable","11":"purchasable","12":"product-type-variable"},"_links":{"self":[{"href":"https:\/\/kayadevelopmentserver.com\/kontakt\/wp-json\/wp\/v2\/product\/157","targetHints":{"allow":["GET"]}}],"collection":[{"href":"https:\/\/kayadevelopmentserver.com\/kontakt\/wp-json\/wp\/v2\/product"}],"about":[{"href":"https:\/\/kayadevelopmentserver.com\/kontakt\/wp-json\/wp\/v2\/types\/product"}],"wp:featuredmedia":[{"embeddable":true,"href":"https:\/\/kayadevelopmentserver.com\/kontakt\/wp-json\/wp\/v2\/media\/159"}],"wp:attachment":[{"href":"https:\/\/kayadevelopmentserver.com\/kontakt\/wp-json\/wp\/v2\/media?parent=157"}],"wp:term":[{"taxonomy":"product_brand","embeddable":true,"href":"https:\/\/kayadevelopmentserver.com\/kontakt\/wp-json\/wp\/v2\/product_brand?post=157"},{"taxonomy":"product_cat","embeddable":true,"href":"https:\/\/kayadevelopmentserver.com\/kontakt\/wp-json\/wp\/v2\/product_cat?post=157"},{"taxonomy":"product_tag","embeddable":true,"href":"https:\/\/kayadevelopmentserver.com\/kontakt\/wp-json\/wp\/v2\/product_tag?post=157"}],"curies":[{"name":"wp","href":"https:\/\/api.w.org\/{rel}","templated":true}]}}