{"id":172,"date":"2025-12-15T14:07:02","date_gmt":"2025-12-15T14:07:02","guid":{"rendered":"https:\/\/kayadevelopmentserver.com\/kontakt\/?post_type=product&#038;p=172"},"modified":"2025-12-15T14:10:07","modified_gmt":"2025-12-15T14:10:07","slug":"baggy-unisexe-avec-poches-detachables-en-jeans-selvedge","status":"publish","type":"product","link":"https:\/\/kayadevelopmentserver.com\/kontakt\/product\/baggy-unisexe-avec-poches-detachables-en-jeans-selvedge\/","title":{"rendered":"Baggy unisexe avec poches d\u00e9tachables en jeans Selvedge"},"content":{"rendered":"<p>D\u00e9couvrez ces jeans unisexes en denim selvedge rigide 100 % coton, orn\u00e9s de d\u00e9coupes inspir\u00e9es des motifs berb\u00e8res tunisiens et dot\u00e9s de poches d\u00e9tachables pour une praticit\u00e9 optimale. Cette pi\u00e8ce de la capsule Raw Look Selvedge allie authenticit\u00e9 et modernit\u00e9, offrant un style urbain d\u00e9contract\u00e9 et tendance. Le tissu selvedge, avec sa lisi\u00e8re ferm\u00e9e color\u00e9e, garantit une qualit\u00e9 et une durabilit\u00e9 sup\u00e9rieures tout en mettant en valeur la beaut\u00e9 naturelle du denim. Polyvalents, ces jeans permettent de multiples fa\u00e7ons de les porter, \u00e0 la fois fonctionnels et esth\u00e9tiques, parfaits pour un look unique refl\u00e9tant un riche h\u00e9ritage culturel.<\/p>\n","protected":false},"excerpt":{"rendered":"<p>D\u00e9couvrez ces jeans unisexes en denim selvedge rigide 100 % coton, orn\u00e9s de d\u00e9coupes inspir\u00e9es des motifs berb\u00e8res tunisiens et dot\u00e9s de poches d\u00e9tachables pour une praticit\u00e9 optimale. Cette pi\u00e8ce de la capsule Raw Look Selvedge allie authenticit\u00e9 et modernit\u00e9, offrant un style urbain d\u00e9contract\u00e9 et tendance. Le tissu selvedge, avec sa lisi\u00e8re ferm\u00e9e color\u00e9e, [&hellip;]<\/p>\n","protected":false},"featured_media":174,"template":"","meta":{"_et_pb_use_builder":"","_et_pb_old_content":"","_et_gb_content_width":""},"product_brand":[],"product_cat":[18],"product_tag":[],"class_list":{"0":"post-172","1":"product","2":"type-product","3":"status-publish","4":"has-post-thumbnail","6":"product_cat-tunis-fashion-week","8":"first","9":"instock","10":"shipping-taxable","11":"purchasable","12":"product-type-variable"},"_links":{"self":[{"href":"https:\/\/kayadevelopmentserver.com\/kontakt\/wp-json\/wp\/v2\/product\/172","targetHints":{"allow":["GET"]}}],"collection":[{"href":"https:\/\/kayadevelopmentserver.com\/kontakt\/wp-json\/wp\/v2\/product"}],"about":[{"href":"https:\/\/kayadevelopmentserver.com\/kontakt\/wp-json\/wp\/v2\/types\/product"}],"wp:featuredmedia":[{"embeddable":true,"href":"https:\/\/kayadevelopmentserver.com\/kontakt\/wp-json\/wp\/v2\/media\/174"}],"wp:attachment":[{"href":"https:\/\/kayadevelopmentserver.com\/kontakt\/wp-json\/wp\/v2\/media?parent=172"}],"wp:term":[{"taxonomy":"product_brand","embeddable":true,"href":"https:\/\/kayadevelopmentserver.com\/kontakt\/wp-json\/wp\/v2\/product_brand?post=172"},{"taxonomy":"product_cat","embeddable":true,"href":"https:\/\/kayadevelopmentserver.com\/kontakt\/wp-json\/wp\/v2\/product_cat?post=172"},{"taxonomy":"product_tag","embeddable":true,"href":"https:\/\/kayadevelopmentserver.com\/kontakt\/wp-json\/wp\/v2\/product_tag?post=172"}],"curies":[{"name":"wp","href":"https:\/\/api.w.org\/{rel}","templated":true}]}}