{"id":178,"date":"2025-12-15T14:15:40","date_gmt":"2025-12-15T14:15:40","guid":{"rendered":"https:\/\/kayadevelopmentserver.com\/kontakt\/?post_type=product&#038;p=178"},"modified":"2025-12-15T14:17:55","modified_gmt":"2025-12-15T14:17:55","slug":"saroual-unisexe-en-jeans-motifs-berberes","status":"publish","type":"product","link":"https:\/\/kayadevelopmentserver.com\/kontakt\/product\/saroual-unisexe-en-jeans-motifs-berberes\/","title":{"rendered":"Saroual unisexe en jeans Motifs Berb\u00e8res"},"content":{"rendered":"<p>D\u00e9couvrez notre saroual noir en denim 100% coton, alliant confort et style. Sa coupe souple assure une libert\u00e9 de mouvement optimale, id\u00e9ale pour un usage quotidien. Ce mod\u00e8le unique se distingue par un motif berb\u00e8re laser, symbole de la richesse culturelle tunisienne r\u00e9interpr\u00e9t\u00e9e avec modernit\u00e9. Parfait pour un look d\u00e9contract\u00e9 mais authentique, ce saroual s\u2019inscrit dans une mini-collection exclusive sign\u00e9e Kontakt, qui valorise les signes berb\u00e8res avec cr\u00e9ativit\u00e9. Adoptez ce v\u00eatement alliant tradition et \u00e9l\u00e9gance contemporaine pour affirmer une identit\u00e9 unique tout en profitant d\u2019un confort in\u00e9gal\u00e9. Un choix incontournable pour les passionn\u00e9s de mode ethnique et moderne.<\/p>\n","protected":false},"excerpt":{"rendered":"<p>D\u00e9couvrez notre saroual noir en denim 100% coton, alliant confort et style. Sa coupe souple assure une libert\u00e9 de mouvement optimale, id\u00e9ale pour un usage quotidien. Ce mod\u00e8le unique se distingue par un motif berb\u00e8re laser, symbole de la richesse culturelle tunisienne r\u00e9interpr\u00e9t\u00e9e avec modernit\u00e9. Parfait pour un look d\u00e9contract\u00e9 mais authentique, ce saroual s\u2019inscrit [&hellip;]<\/p>\n","protected":false},"featured_media":180,"template":"","meta":{"_et_pb_use_builder":"","_et_pb_old_content":"","_et_gb_content_width":""},"product_brand":[],"product_cat":[18],"product_tag":[],"class_list":{"0":"post-178","1":"product","2":"type-product","3":"status-publish","4":"has-post-thumbnail","6":"product_cat-tunis-fashion-week","8":"first","9":"instock","10":"shipping-taxable","11":"purchasable","12":"product-type-variable"},"_links":{"self":[{"href":"https:\/\/kayadevelopmentserver.com\/kontakt\/wp-json\/wp\/v2\/product\/178","targetHints":{"allow":["GET"]}}],"collection":[{"href":"https:\/\/kayadevelopmentserver.com\/kontakt\/wp-json\/wp\/v2\/product"}],"about":[{"href":"https:\/\/kayadevelopmentserver.com\/kontakt\/wp-json\/wp\/v2\/types\/product"}],"wp:featuredmedia":[{"embeddable":true,"href":"https:\/\/kayadevelopmentserver.com\/kontakt\/wp-json\/wp\/v2\/media\/180"}],"wp:attachment":[{"href":"https:\/\/kayadevelopmentserver.com\/kontakt\/wp-json\/wp\/v2\/media?parent=178"}],"wp:term":[{"taxonomy":"product_brand","embeddable":true,"href":"https:\/\/kayadevelopmentserver.com\/kontakt\/wp-json\/wp\/v2\/product_brand?post=178"},{"taxonomy":"product_cat","embeddable":true,"href":"https:\/\/kayadevelopmentserver.com\/kontakt\/wp-json\/wp\/v2\/product_cat?post=178"},{"taxonomy":"product_tag","embeddable":true,"href":"https:\/\/kayadevelopmentserver.com\/kontakt\/wp-json\/wp\/v2\/product_tag?post=178"}],"curies":[{"name":"wp","href":"https:\/\/api.w.org\/{rel}","templated":true}]}}