{"id":181,"date":"2025-12-15T14:29:17","date_gmt":"2025-12-15T14:29:17","guid":{"rendered":"https:\/\/kayadevelopmentserver.com\/kontakt\/?post_type=product&#038;p=181"},"modified":"2025-12-15T14:42:36","modified_gmt":"2025-12-15T14:42:36","slug":"t-shirt-oversized-manches-courtes","status":"publish","type":"product","link":"https:\/\/kayadevelopmentserver.com\/kontakt\/product\/t-shirt-oversized-manches-courtes\/","title":{"rendered":"T-shirt oversized manches courtes &#8211; 3.0 \u062c\u0631\u064a\u062f\u0629"},"content":{"rendered":"<p>D\u00e9couvrez le T-shirt oversized unisexe manches courtes 3.0 &#8220;Jarida&#8221;, une \u00e9dition limit\u00e9e exclusive made in Tunisia. Con\u00e7u en jersey lourd 100% coton blanc, ce T-shirt allie confort et qualit\u00e9 sup\u00e9rieure pour un usage quotidien. Son design unique s\u2019inspire des headlines et probl\u00e8mes tunisiens, en les banalisant avec humour pour apporter l\u00e9g\u00e8ret\u00e9 et sourire \u00e0 votre quotidien. Parfait pour un style d\u00e9contract\u00e9 et engag\u00e9, il convient aussi bien aux hommes qu\u2019aux femmes gr\u00e2ce \u00e0 sa coupe oversize unisexe. Affichez fi\u00e8rement un message authentique, tout en profitant d\u2019un v\u00eatement durable et tendance. Id\u00e9al pour ceux qui veulent allier style, confort et originalit\u00e9.<\/p>\n","protected":false},"excerpt":{"rendered":"<p>D\u00e9couvrez le T-shirt oversized unisexe manches courtes 3.0 &#8220;Jarida&#8221;, une \u00e9dition limit\u00e9e exclusive made in Tunisia. Con\u00e7u en jersey lourd 100% coton blanc, ce T-shirt allie confort et qualit\u00e9 sup\u00e9rieure pour un usage quotidien. Son design unique s\u2019inspire des headlines et probl\u00e8mes tunisiens, en les banalisant avec humour pour apporter l\u00e9g\u00e8ret\u00e9 et sourire \u00e0 votre [&hellip;]<\/p>\n","protected":false},"featured_media":188,"template":"","meta":{"_et_pb_use_builder":"","_et_pb_old_content":"","_et_gb_content_width":""},"product_brand":[],"product_cat":[19],"product_tag":[],"class_list":{"0":"post-181","1":"product","2":"type-product","3":"status-publish","4":"has-post-thumbnail","6":"product_cat-t-shirts","8":"first","9":"instock","10":"shipping-taxable","11":"purchasable","12":"product-type-variable","13":"has-default-attributes"},"_links":{"self":[{"href":"https:\/\/kayadevelopmentserver.com\/kontakt\/wp-json\/wp\/v2\/product\/181","targetHints":{"allow":["GET"]}}],"collection":[{"href":"https:\/\/kayadevelopmentserver.com\/kontakt\/wp-json\/wp\/v2\/product"}],"about":[{"href":"https:\/\/kayadevelopmentserver.com\/kontakt\/wp-json\/wp\/v2\/types\/product"}],"wp:featuredmedia":[{"embeddable":true,"href":"https:\/\/kayadevelopmentserver.com\/kontakt\/wp-json\/wp\/v2\/media\/188"}],"wp:attachment":[{"href":"https:\/\/kayadevelopmentserver.com\/kontakt\/wp-json\/wp\/v2\/media?parent=181"}],"wp:term":[{"taxonomy":"product_brand","embeddable":true,"href":"https:\/\/kayadevelopmentserver.com\/kontakt\/wp-json\/wp\/v2\/product_brand?post=181"},{"taxonomy":"product_cat","embeddable":true,"href":"https:\/\/kayadevelopmentserver.com\/kontakt\/wp-json\/wp\/v2\/product_cat?post=181"},{"taxonomy":"product_tag","embeddable":true,"href":"https:\/\/kayadevelopmentserver.com\/kontakt\/wp-json\/wp\/v2\/product_tag?post=181"}],"curies":[{"name":"wp","href":"https:\/\/api.w.org\/{rel}","templated":true}]}}