{"id":230,"date":"2025-12-15T15:34:52","date_gmt":"2025-12-15T15:34:52","guid":{"rendered":"https:\/\/kayadevelopmentserver.com\/kontakt\/?post_type=product&#038;p=230"},"modified":"2025-12-15T15:38:04","modified_gmt":"2025-12-15T15:38:04","slug":"sweat-sur-taille-avec-boutons-pression-%d8%b2%d8%b9%d9%85%d8%a9-%d8%a7%d9%84%d9%86%d8%a7%d8%b1-%d8%aa%d8%b7%d9%81%d8%a7%d8%b4%d9%8a-%d9%88%d9%86%d8%a8%d8%b1%d8%a7","status":"publish","type":"product","link":"https:\/\/kayadevelopmentserver.com\/kontakt\/product\/sweat-sur-taille-avec-boutons-pression-%d8%b2%d8%b9%d9%85%d8%a9-%d8%a7%d9%84%d9%86%d8%a7%d8%b1-%d8%aa%d8%b7%d9%81%d8%a7%d8%b4%d9%8a-%d9%88%d9%86%d8%a8%d8%b1%d8%a7\/","title":{"rendered":"Sweat sur taille avec boutons pression &#8211; \u0632\u0639\u0645\u0629 \u0627\u0644\u0646\u0627\u0631 \u062a\u0637\u0641\u0627\u0634\u064a \u0648\u0646\u0628\u0631\u0627"},"content":{"rendered":"<p>D\u00e9couvrez notre sweat sur taille dot\u00e9 de boutons pression pratiques, parfait pour un style d\u00e9contract\u00e9 et un confort optimal. Confectionn\u00e9 en molleton doux 100% coton, ce sweat blanc, fabriqu\u00e9 avec soin en Tunisie, garantit une agr\u00e9able sensation sur la peau et une excellente durabilit\u00e9. Son design avec boutons pression facilite l\u2019enfilage tout en apportant une touche tendance et fonctionnelle. Id\u00e9al pour vos moments de d\u00e9tente \u00e0 la maison ou pour apporter une touche casual chic \u00e0 vos tenues quotidiennes. Un choix parfait pour ceux qui recherchent confort, qualit\u00e9 et authenticit\u00e9 dans un v\u00eatement incontournable.<\/p>\n","protected":false},"excerpt":{"rendered":"<p>D\u00e9couvrez notre sweat sur taille dot\u00e9 de boutons pression pratiques, parfait pour un style d\u00e9contract\u00e9 et un confort optimal. Confectionn\u00e9 en molleton doux 100% coton, ce sweat blanc, fabriqu\u00e9 avec soin en Tunisie, garantit une agr\u00e9able sensation sur la peau et une excellente durabilit\u00e9. Son design avec boutons pression facilite l\u2019enfilage tout en apportant une [&hellip;]<\/p>\n","protected":false},"featured_media":236,"template":"","meta":{"_et_pb_use_builder":"","_et_pb_old_content":"","_et_gb_content_width":""},"product_brand":[],"product_cat":[19],"product_tag":[],"class_list":{"0":"post-230","1":"product","2":"type-product","3":"status-publish","4":"has-post-thumbnail","6":"product_cat-t-shirts","8":"first","9":"instock","10":"shipping-taxable","11":"purchasable","12":"product-type-variable","13":"has-default-attributes"},"_links":{"self":[{"href":"https:\/\/kayadevelopmentserver.com\/kontakt\/wp-json\/wp\/v2\/product\/230","targetHints":{"allow":["GET"]}}],"collection":[{"href":"https:\/\/kayadevelopmentserver.com\/kontakt\/wp-json\/wp\/v2\/product"}],"about":[{"href":"https:\/\/kayadevelopmentserver.com\/kontakt\/wp-json\/wp\/v2\/types\/product"}],"wp:featuredmedia":[{"embeddable":true,"href":"https:\/\/kayadevelopmentserver.com\/kontakt\/wp-json\/wp\/v2\/media\/236"}],"wp:attachment":[{"href":"https:\/\/kayadevelopmentserver.com\/kontakt\/wp-json\/wp\/v2\/media?parent=230"}],"wp:term":[{"taxonomy":"product_brand","embeddable":true,"href":"https:\/\/kayadevelopmentserver.com\/kontakt\/wp-json\/wp\/v2\/product_brand?post=230"},{"taxonomy":"product_cat","embeddable":true,"href":"https:\/\/kayadevelopmentserver.com\/kontakt\/wp-json\/wp\/v2\/product_cat?post=230"},{"taxonomy":"product_tag","embeddable":true,"href":"https:\/\/kayadevelopmentserver.com\/kontakt\/wp-json\/wp\/v2\/product_tag?post=230"}],"curies":[{"name":"wp","href":"https:\/\/api.w.org\/{rel}","templated":true}]}}