{"id":237,"date":"2025-12-15T16:06:48","date_gmt":"2025-12-15T16:06:48","guid":{"rendered":"https:\/\/kayadevelopmentserver.com\/kontakt\/?post_type=product&#038;p=237"},"modified":"2025-12-15T16:09:24","modified_gmt":"2025-12-15T16:09:24","slug":"t-shirt-unisexe-manches-courtes-%d8%b9%d8%a8%d9%90%d9%91%d9%8a-%d8%a7%d9%84%d9%88%d8%b3%d8%b7","status":"publish","type":"product","link":"https:\/\/kayadevelopmentserver.com\/kontakt\/product\/t-shirt-unisexe-manches-courtes-%d8%b9%d8%a8%d9%90%d9%91%d9%8a-%d8%a7%d9%84%d9%88%d8%b3%d8%b7\/","title":{"rendered":"T-shirt unisexe manches courtes &#8211; \u0639\u0628\u0650\u0651\u064a \u0627\u0644\u0648\u0633\u0637"},"content":{"rendered":"<p>D\u00e9couvrez notre T-shirt unisexe adulte manches courtes, pi\u00e8ce phare de la collection Fake Collaboration. Con\u00e7u en jersey lourd 100% coton, ce T-shirt blanc offre un confort optimal et une grande durabilit\u00e9, id\u00e9al pour un usage quotidien. Made in Tunisia, il s\u2019inspire avec humour des petits tracas du quotidien tunisien, notamment avec le slogan &#8220;\u0639\u0628\u0650\u0651\u064a \u0627\u0644\u0648\u0633\u0637&#8221;, pour apporter une touche de l\u00e9g\u00e8ret\u00e9 et de bonne humeur \u00e0 votre look. Parfait pour ceux qui aiment allier style, authenticit\u00e9 et messages engag\u00e9s, ce T-shirt se porte facilement en toutes occasions. Optez pour un v\u00eatement qui fait sourire tout en soutenant la cr\u00e9ativit\u00e9 locale.<\/p>\n","protected":false},"excerpt":{"rendered":"<p>D\u00e9couvrez notre T-shirt unisexe adulte manches courtes, pi\u00e8ce phare de la collection Fake Collaboration. Con\u00e7u en jersey lourd 100% coton, ce T-shirt blanc offre un confort optimal et une grande durabilit\u00e9, id\u00e9al pour un usage quotidien. Made in Tunisia, il s\u2019inspire avec humour des petits tracas du quotidien tunisien, notamment avec le slogan &#8220;\u0639\u0628\u0650\u0651\u064a \u0627\u0644\u0648\u0633\u0637&#8221;, [&hellip;]<\/p>\n","protected":false},"featured_media":243,"template":"","meta":{"_et_pb_use_builder":"","_et_pb_old_content":"","_et_gb_content_width":""},"product_brand":[],"product_cat":[19],"product_tag":[],"class_list":{"0":"post-237","1":"product","2":"type-product","3":"status-publish","4":"has-post-thumbnail","6":"product_cat-t-shirts","8":"first","9":"instock","10":"shipping-taxable","11":"purchasable","12":"product-type-variable","13":"has-default-attributes"},"_links":{"self":[{"href":"https:\/\/kayadevelopmentserver.com\/kontakt\/wp-json\/wp\/v2\/product\/237","targetHints":{"allow":["GET"]}}],"collection":[{"href":"https:\/\/kayadevelopmentserver.com\/kontakt\/wp-json\/wp\/v2\/product"}],"about":[{"href":"https:\/\/kayadevelopmentserver.com\/kontakt\/wp-json\/wp\/v2\/types\/product"}],"wp:featuredmedia":[{"embeddable":true,"href":"https:\/\/kayadevelopmentserver.com\/kontakt\/wp-json\/wp\/v2\/media\/243"}],"wp:attachment":[{"href":"https:\/\/kayadevelopmentserver.com\/kontakt\/wp-json\/wp\/v2\/media?parent=237"}],"wp:term":[{"taxonomy":"product_brand","embeddable":true,"href":"https:\/\/kayadevelopmentserver.com\/kontakt\/wp-json\/wp\/v2\/product_brand?post=237"},{"taxonomy":"product_cat","embeddable":true,"href":"https:\/\/kayadevelopmentserver.com\/kontakt\/wp-json\/wp\/v2\/product_cat?post=237"},{"taxonomy":"product_tag","embeddable":true,"href":"https:\/\/kayadevelopmentserver.com\/kontakt\/wp-json\/wp\/v2\/product_tag?post=237"}],"curies":[{"name":"wp","href":"https:\/\/api.w.org\/{rel}","templated":true}]}}