{"id":244,"date":"2025-12-15T16:10:48","date_gmt":"2025-12-15T16:10:48","guid":{"rendered":"https:\/\/kayadevelopmentserver.com\/kontakt\/?post_type=product&#038;p=244"},"modified":"2025-12-15T16:12:19","modified_gmt":"2025-12-15T16:12:19","slug":"t-shirt-oversized-manches-courtes-%d8%b3%d9%84%d8%b7%d8%a7%d9%86-%d8%b2%d9%85%d8%a7%d9%86","status":"publish","type":"product","link":"https:\/\/kayadevelopmentserver.com\/kontakt\/product\/t-shirt-oversized-manches-courtes-%d8%b3%d9%84%d8%b7%d8%a7%d9%86-%d8%b2%d9%85%d8%a7%d9%86\/","title":{"rendered":"T-shirt oversized manches courtes &#8211; \u0633\u0644\u0637\u0627\u0646 \u0632\u0645\u0627\u0646"},"content":{"rendered":"<p>D\u00e9couvrez notre T-shirt oversized homme manches courtes &#8220;\u0633\u0644\u0637\u0627\u0646 \u0632\u0645\u0627\u0646&#8221;, alliant style moderne et confort exceptionnel. Confectionn\u00e9 en Tunisie avec un jersey lourd 100% coton, ce T-shirt noir assure douceur, durabilit\u00e9 et une excellente qualit\u00e9. Sa coupe ample offre une libert\u00e9 de mouvement id\u00e9ale pour un look d\u00e9contract\u00e9 et tendance, parfait pour toutes les occasions, du quotidien aux sorties entre amis. Respirant et r\u00e9sistant, il s\u2019adapte facilement \u00e0 toutes les saisons. Adoptez ce basique revisit\u00e9 qui marie h\u00e9ritage et modernit\u00e9, pour un style unique et confortable au quotidien. Un indispensable pour votre garde-robe estivale.<\/p>\n","protected":false},"excerpt":{"rendered":"<p>D\u00e9couvrez notre T-shirt oversized homme manches courtes &#8220;\u0633\u0644\u0637\u0627\u0646 \u0632\u0645\u0627\u0646&#8221;, alliant style moderne et confort exceptionnel. Confectionn\u00e9 en Tunisie avec un jersey lourd 100% coton, ce T-shirt noir assure douceur, durabilit\u00e9 et une excellente qualit\u00e9. Sa coupe ample offre une libert\u00e9 de mouvement id\u00e9ale pour un look d\u00e9contract\u00e9 et tendance, parfait pour toutes les occasions, du [&hellip;]<\/p>\n","protected":false},"featured_media":250,"template":"","meta":{"_et_pb_use_builder":"","_et_pb_old_content":"","_et_gb_content_width":""},"product_brand":[],"product_cat":[19],"product_tag":[],"class_list":{"0":"post-244","1":"product","2":"type-product","3":"status-publish","4":"has-post-thumbnail","6":"product_cat-t-shirts","8":"first","9":"instock","10":"shipping-taxable","11":"purchasable","12":"product-type-variable","13":"has-default-attributes"},"_links":{"self":[{"href":"https:\/\/kayadevelopmentserver.com\/kontakt\/wp-json\/wp\/v2\/product\/244","targetHints":{"allow":["GET"]}}],"collection":[{"href":"https:\/\/kayadevelopmentserver.com\/kontakt\/wp-json\/wp\/v2\/product"}],"about":[{"href":"https:\/\/kayadevelopmentserver.com\/kontakt\/wp-json\/wp\/v2\/types\/product"}],"wp:featuredmedia":[{"embeddable":true,"href":"https:\/\/kayadevelopmentserver.com\/kontakt\/wp-json\/wp\/v2\/media\/250"}],"wp:attachment":[{"href":"https:\/\/kayadevelopmentserver.com\/kontakt\/wp-json\/wp\/v2\/media?parent=244"}],"wp:term":[{"taxonomy":"product_brand","embeddable":true,"href":"https:\/\/kayadevelopmentserver.com\/kontakt\/wp-json\/wp\/v2\/product_brand?post=244"},{"taxonomy":"product_cat","embeddable":true,"href":"https:\/\/kayadevelopmentserver.com\/kontakt\/wp-json\/wp\/v2\/product_cat?post=244"},{"taxonomy":"product_tag","embeddable":true,"href":"https:\/\/kayadevelopmentserver.com\/kontakt\/wp-json\/wp\/v2\/product_tag?post=244"}],"curies":[{"name":"wp","href":"https:\/\/api.w.org\/{rel}","templated":true}]}}