{"id":337,"date":"2025-12-15T18:25:50","date_gmt":"2025-12-15T18:25:50","guid":{"rendered":"https:\/\/kayadevelopmentserver.com\/kontakt\/?post_type=product&#038;p=337"},"modified":"2025-12-15T18:26:47","modified_gmt":"2025-12-15T18:26:47","slug":"bracelet-unisexe-en-cuir-denim-couleur-divers","status":"publish","type":"product","link":"https:\/\/kayadevelopmentserver.com\/kontakt\/product\/bracelet-unisexe-en-cuir-denim-couleur-divers\/","title":{"rendered":"Bracelet unisexe en cuir &#038; denim couleur divers"},"content":{"rendered":"<p>D\u00e9couvrez notre bracelet unisexe alliant \u00e9l\u00e9gance et originalit\u00e9, fabriqu\u00e9 \u00e0 la main en Tunisie avec du cuir v\u00e9ritable et du denim de qualit\u00e9. Ce bijou unique offre une combinaison parfaite de confort et de style, gr\u00e2ce \u00e0 sa composition 100% cuir et 100% coton. Disponible en plusieurs couleurs tendance, chaque bracelet est produit en quantit\u00e9 limit\u00e9e, assurant ainsi une exclusivit\u00e9 \u00e0 son porteur. Sa taille universelle s\u2019adapte \u00e0 tous les poignets, ce qui en fait un accessoire id\u00e9al pour un usage quotidien ou pour offrir. Ajoutez une touche d\u2019authenticit\u00e9 et de modernit\u00e9 \u00e0 votre look avec ce bracelet durable et raffin\u00e9.<\/p>\n","protected":false},"excerpt":{"rendered":"<p>D\u00e9couvrez notre bracelet unisexe alliant \u00e9l\u00e9gance et originalit\u00e9, fabriqu\u00e9 \u00e0 la main en Tunisie avec du cuir v\u00e9ritable et du denim de qualit\u00e9. Ce bijou unique offre une combinaison parfaite de confort et de style, gr\u00e2ce \u00e0 sa composition 100% cuir et 100% coton. Disponible en plusieurs couleurs tendance, chaque bracelet est produit en quantit\u00e9 [&hellip;]<\/p>\n","protected":false},"featured_media":338,"template":"","meta":{"_et_pb_use_builder":"","_et_pb_old_content":"","_et_gb_content_width":""},"product_brand":[],"product_cat":[21],"product_tag":[],"class_list":{"0":"post-337","1":"product","2":"type-product","3":"status-publish","4":"has-post-thumbnail","6":"product_cat-accessoires","8":"first","9":"instock","10":"shipping-taxable","11":"purchasable","12":"product-type-simple"},"_links":{"self":[{"href":"https:\/\/kayadevelopmentserver.com\/kontakt\/wp-json\/wp\/v2\/product\/337","targetHints":{"allow":["GET"]}}],"collection":[{"href":"https:\/\/kayadevelopmentserver.com\/kontakt\/wp-json\/wp\/v2\/product"}],"about":[{"href":"https:\/\/kayadevelopmentserver.com\/kontakt\/wp-json\/wp\/v2\/types\/product"}],"wp:featuredmedia":[{"embeddable":true,"href":"https:\/\/kayadevelopmentserver.com\/kontakt\/wp-json\/wp\/v2\/media\/338"}],"wp:attachment":[{"href":"https:\/\/kayadevelopmentserver.com\/kontakt\/wp-json\/wp\/v2\/media?parent=337"}],"wp:term":[{"taxonomy":"product_brand","embeddable":true,"href":"https:\/\/kayadevelopmentserver.com\/kontakt\/wp-json\/wp\/v2\/product_brand?post=337"},{"taxonomy":"product_cat","embeddable":true,"href":"https:\/\/kayadevelopmentserver.com\/kontakt\/wp-json\/wp\/v2\/product_cat?post=337"},{"taxonomy":"product_tag","embeddable":true,"href":"https:\/\/kayadevelopmentserver.com\/kontakt\/wp-json\/wp\/v2\/product_tag?post=337"}],"curies":[{"name":"wp","href":"https:\/\/api.w.org\/{rel}","templated":true}]}}