{"id":364,"date":"2025-12-15T19:05:50","date_gmt":"2025-12-15T19:05:50","guid":{"rendered":"https:\/\/kayadevelopmentserver.com\/kontakt\/?post_type=product&#038;p=364"},"modified":"2025-12-15T19:17:28","modified_gmt":"2025-12-15T19:17:28","slug":"lots-de-scrunchies-cheveux","status":"publish","type":"product","link":"https:\/\/kayadevelopmentserver.com\/kontakt\/product\/lots-de-scrunchies-cheveux\/","title":{"rendered":"Lots de scrunchies cheveux"},"content":{"rendered":"<p>D\u00e9couvrez ce lot de 3 scrunchies pour cheveux femme, alliant style et confort au quotidien. Compos\u00e9s de 2 mod\u00e8les imprim\u00e9s et 1 uni, ces accessoires \u00e9l\u00e9gants sont fabriqu\u00e9s en Tunisie avec une mati\u00e8re 100% coton, cha\u00eene et trame, offrant douceur et r\u00e9sistance optimale. Parfaits pour maintenir vos cheveux sans les ab\u00eemer, ces scrunchies conviennent \u00e0 toutes vos coiffures, qu\u2019elles soient d\u00e9contract\u00e9es ou sophistiqu\u00e9es. Leur texture naturelle assure une tenue ferme tout en pr\u00e9servant la sant\u00e9 de vos cheveux. Pratiques et tendances, ils sont id\u00e9aux pour un usage quotidien et raviront toutes celles qui recherchent des accessoires cheveux styl\u00e9s, durables et responsables.<\/p>\n","protected":false},"excerpt":{"rendered":"<p>D\u00e9couvrez ce lot de 3 scrunchies pour cheveux femme, alliant style et confort au quotidien. Compos\u00e9s de 2 mod\u00e8les imprim\u00e9s et 1 uni, ces accessoires \u00e9l\u00e9gants sont fabriqu\u00e9s en Tunisie avec une mati\u00e8re 100% coton, cha\u00eene et trame, offrant douceur et r\u00e9sistance optimale. Parfaits pour maintenir vos cheveux sans les ab\u00eemer, ces scrunchies conviennent \u00e0 [&hellip;]<\/p>\n","protected":false},"featured_media":374,"template":"","meta":{"_et_pb_use_builder":"","_et_pb_old_content":"","_et_gb_content_width":""},"product_brand":[],"product_cat":[21],"product_tag":[],"class_list":{"0":"post-364","1":"product","2":"type-product","3":"status-publish","4":"has-post-thumbnail","6":"product_cat-accessoires","8":"first","9":"instock","10":"shipping-taxable","11":"purchasable","12":"product-type-variable","13":"has-default-attributes"},"_links":{"self":[{"href":"https:\/\/kayadevelopmentserver.com\/kontakt\/wp-json\/wp\/v2\/product\/364","targetHints":{"allow":["GET"]}}],"collection":[{"href":"https:\/\/kayadevelopmentserver.com\/kontakt\/wp-json\/wp\/v2\/product"}],"about":[{"href":"https:\/\/kayadevelopmentserver.com\/kontakt\/wp-json\/wp\/v2\/types\/product"}],"wp:featuredmedia":[{"embeddable":true,"href":"https:\/\/kayadevelopmentserver.com\/kontakt\/wp-json\/wp\/v2\/media\/374"}],"wp:attachment":[{"href":"https:\/\/kayadevelopmentserver.com\/kontakt\/wp-json\/wp\/v2\/media?parent=364"}],"wp:term":[{"taxonomy":"product_brand","embeddable":true,"href":"https:\/\/kayadevelopmentserver.com\/kontakt\/wp-json\/wp\/v2\/product_brand?post=364"},{"taxonomy":"product_cat","embeddable":true,"href":"https:\/\/kayadevelopmentserver.com\/kontakt\/wp-json\/wp\/v2\/product_cat?post=364"},{"taxonomy":"product_tag","embeddable":true,"href":"https:\/\/kayadevelopmentserver.com\/kontakt\/wp-json\/wp\/v2\/product_tag?post=364"}],"curies":[{"name":"wp","href":"https:\/\/api.w.org\/{rel}","templated":true}]}}